{"id":329,"date":"2024-03-09T16:32:03","date_gmt":"2024-03-09T16:32:03","guid":{"rendered":"https:\/\/www.culturalusa.net\/news\/?page_id=329"},"modified":"2025-12-07T15:55:33","modified_gmt":"2025-12-07T15:55:33","slug":"protecao-para-seu-pc-mac-android","status":"publish","type":"page","link":"https:\/\/www.culturalusa.net\/news\/protecao-para-seu-pc-mac-android\/","title":{"rendered":"Prote\u00e7\u00e3o para seu PC, MAC, Android e sua privacidade"},"content":{"rendered":"<div class=\"su-row\"><div class=\"su-column su-column-size-1-2\"><div class=\"su-column-inner su-u-clearfix su-u-trim\"><span style=\"color: #800000;\"><strong>Kaspersky Standard<\/strong><\/span> Prote\u00e7\u00e3o em tempo real do seu PC contra v\u00edrus, spyware e malware. Suas tecnologias premiadas fornecem prote\u00e7\u00e3o eficaz contra novas amea\u00e7as na Internet, sem deixar seu PC lento. <strong>As licen\u00e7as Kaspersky s\u00e3o enviadas por e-mail.<\/strong> <\/div><\/div>\n<div class=\"su-column su-column-size-1-2\"><div class=\"su-column-inner su-u-clearfix su-u-trim\"><span style=\"color: #800000;\"><strong>Kaspersky Plus<\/strong><\/span> Prote\u00e7\u00e3o ideal para seu PC, Mac e Android. O Kaspersky protege contra ataques, ransomware e outras amea\u00e7as, protege sua privacidade e informa\u00e7\u00f5es pessoais, protege seu dinheiro e detalhes da conta ao fazer compras e servi\u00e7os banc\u00e1rios on-line, etc. <strong>As licen\u00e7as Kaspersky s\u00e3o enviadas por e-mail.<\/strong><\/div><\/div><\/div>\n<div class=\"su-row\"><div class=\"su-column su-column-size-1-2\"><div class=\"su-column-inner su-u-clearfix su-u-trim\"><span style=\"color: #800000;\"><strong>Kaspersky Premium<\/strong><\/span> Kaspersky Total Security A melhor prote\u00e7\u00e3o para fam\u00edlias \u2013 PC, Mac e dispositivos m\u00f3veis. Proteger os membros da sua fam\u00edlia contra os perigos do phishing, rastreamento de atividades online e espionagem, garantindo a seguran\u00e7a dos seus dados pessoais, etc. <strong>As licen\u00e7as Kaspersky s\u00e3o enviadas por e-mail.<\/strong><\/div><\/div>\n<div class=\"su-column su-column-size-1-2\"><div class=\"su-column-inner su-u-clearfix su-u-trim\"><span style=\"color: #800000;\"><strong>Prote\u00e7\u00e3o para pequenas empresas<\/strong><\/span> O Kaspersky Small Office Security foi projetado para empresas com 5 a 50 esta\u00e7\u00f5es de trabalho e tamb\u00e9m protege servidores e dispositivos m\u00f3veis. Pronta para usar, esta solu\u00e7\u00e3o \u00e9 gerenciada a partir de um console em nuvem f\u00e1cil de usar. N\u00e3o s\u00e3o necess\u00e1rias habilidades de TI para usar nossas ferramentas poderosas e controlar a seguran\u00e7a no dispositivo conectado de sua escolha. <strong>As licen\u00e7as Kaspersky s\u00e3o enviadas por e-mail.<\/strong> <\/div><\/div><\/div>\n<p><img loading=\"lazy\" decoding=\"async\" class=\"aligncenter size-full wp-image-1748\" src=\"https:\/\/www.culturalusa.net\/news\/wp-content\/uploads\/2025\/12\/2025-12-03_17-15-44.jpg\" alt=\"\" width=\"861\" height=\"379\" srcset=\"https:\/\/www.culturalusa.net\/news\/wp-content\/uploads\/2025\/12\/2025-12-03_17-15-44.jpg 861w, https:\/\/www.culturalusa.net\/news\/wp-content\/uploads\/2025\/12\/2025-12-03_17-15-44-300x132.jpg 300w, https:\/\/www.culturalusa.net\/news\/wp-content\/uploads\/2025\/12\/2025-12-03_17-15-44-768x338.jpg 768w\" sizes=\"auto, (max-width: 861px) 100vw, 861px\" \/><\/p>\n<h3>Produtos Loja Online<\/h3>\n<div class=\"eStore-product-fancy2\"><div class=\"eStore-thumbnail\"><a href=\"https:\/\/www.culturalusa.net\/news\/loja-online\/\" title=\"Kaspersky Standard\"><img decoding=\"async\" class=\"eStore-product-fancy2-thumb-image\" src=\"https:\/\/www.culturalusa.net\/news\/wp-content\/uploads\/2024\/03\/2024-03-23_15-32-56.jpg\" alt=\"Kaspersky Standard\" \/><\/a><\/div><div class=\"eStore-product-description\"><div class=\"eStore-fancy2-product-name\"><a href=\"https:\/\/www.culturalusa.net\/news\/loja-online\/\">Kaspersky Standard<\/a><\/div>Kaspersky Standard. Prote\u00e7\u00e3o em tempo real do seu PC contra v\u00edrus, spyware e malware.  Suas tecnologias premiadas fornecem prote\u00e7\u00e3o eficaz contra novas amea\u00e7as na Internet, sem deixar seu PC lento. <br><strong>As licen\u00e7as Kaspersky s\u00e3o enviadas por e-mail.<\/strong><\/div><\/div><div class=\"eStore-product-fancy2-footer eStore-fancy-wrapper\"><div class=\"footer-left\"><div class=\"footer-left-content\"><form method=\"post\" action=\"\" class=\"eStore-button-form eStore-button-form-2\" style=\"display:inline\" onsubmit=\"return ReadForm1(this, 1);\"><input type=\"submit\" value=\"Add to Cart\" class=\"eStore_button eStore_add_to_cart_button\" \/> <input type=\"hidden\" name=\"add_qty\" value=\"1\" \/>  <div class=\"eStore_variation_top\"><\/div><input type=\"hidden\" name=\"thumbnail_url\" value=\"https:\/\/www.culturalusa.net\/news\/wp-content\/uploads\/2024\/03\/2024-03-23_15-32-56.jpg\" \/><input type=\"hidden\" name=\"estore_product_name\" value=\"Kaspersky Standard\" \/><input type=\"hidden\" name=\"price\" value=\"19.90\" \/><input type=\"hidden\" name=\"product_name_tmp1\" value=\"Kaspersky Standard\" \/><input type=\"hidden\" name=\"price_tmp1\" value=\"19.90\" \/><input type=\"hidden\" name=\"price_tmp1_old\" value=\"35.99\" \/><input type=\"hidden\" name=\"item_number\" value=\"2\" \/><input type=\"hidden\" name=\"shipping\" value=\"\" \/><input type=\"hidden\" name=\"tax\" value=\"\" \/><input type=\"hidden\" name=\"addcart_eStore\" value=\"1\" \/><input type=\"hidden\" name=\"cartLink\" value=\"https:\/\/www.culturalusa.net\/news\/loja-online\/\" \/><input type=\"hidden\" name=\"digital_flag\" value=\"1\" \/><\/form><div class=\"eStore_item_added_msg eStore_item_added_msg-2\"><\/div><\/div><\/div><div class=\"footer-right\"><span class=\"eStore_fancy2_price\"><span class=\"eStore_price_label\">Pre\u00e7o: <\/span><span class=\"eStore_price_value\">19.90\u20ac<\/span><\/span><span class=\"eStore_oldprice\">Pre\u00e7o: <span class=\"eStore_price_value_old\">35.99\u20ac<\/span>&nbsp;<\/span><\/div><\/div><div class=\"eStore-clear-float\"><\/div>\n<div class=\"eStore-product-fancy2\"><div class=\"eStore-thumbnail\"><a href=\"https:\/\/www.culturalusa.net\/news\/loja-online\/\" title=\"Kaspersky Plus\"><img decoding=\"async\" class=\"eStore-product-fancy2-thumb-image\" src=\"https:\/\/www.culturalusa.net\/news\/wp-content\/uploads\/2024\/03\/2024-03-23_15-47-19.jpg\" alt=\"Kaspersky Plus\" \/><\/a><\/div><div class=\"eStore-product-description\"><div class=\"eStore-fancy2-product-name\"><a href=\"https:\/\/www.culturalusa.net\/news\/loja-online\/\">Kaspersky Plus<\/a><\/div>Kaspersky Plus (Internet Security)<br>\r\n Prote\u00e7\u00e3o ideal para seu PC, Mac e Android.<br> O Kaspersky protege contra ataques, ransomware e outras amea\u00e7as, protege sua privacidade e informa\u00e7\u00f5es pessoais, etc.<br>\r\n<strong>As licen\u00e7as Kaspersky s\u00e3o enviadas por e-mail.<\/strong><\/div><\/div><div class=\"eStore-product-fancy2-footer eStore-fancy-wrapper\"><div class=\"footer-left\"><div class=\"footer-left-content\"><form method=\"post\" action=\"\" class=\"eStore-button-form eStore-button-form-1\" style=\"display:inline\" onsubmit=\"return ReadForm1(this, 1);\"><input type=\"submit\" value=\"Add to Cart\" class=\"eStore_button eStore_add_to_cart_button\" \/> <input type=\"hidden\" name=\"add_qty\" value=\"1\" \/>  <div class=\"eStore_variation_top\"><\/div><input type=\"hidden\" name=\"thumbnail_url\" value=\"https:\/\/www.culturalusa.net\/news\/wp-content\/uploads\/2024\/03\/2024-03-23_15-47-19.jpg\" \/><input type=\"hidden\" name=\"estore_product_name\" value=\"Kaspersky Plus\" \/><input type=\"hidden\" name=\"price\" value=\"24.90\" \/><input type=\"hidden\" name=\"product_name_tmp1\" value=\"Kaspersky Plus\" \/><input type=\"hidden\" name=\"price_tmp1\" value=\"24.90\" \/><input type=\"hidden\" name=\"price_tmp1_old\" value=\"49.99\" \/><input type=\"hidden\" name=\"item_number\" value=\"1\" \/><input type=\"hidden\" name=\"shipping\" value=\"\" \/><input type=\"hidden\" name=\"tax\" value=\"\" \/><input type=\"hidden\" name=\"addcart_eStore\" value=\"1\" \/><input type=\"hidden\" name=\"cartLink\" value=\"https:\/\/www.culturalusa.net\/news\/loja-online\/\" \/><input type=\"hidden\" name=\"digital_flag\" value=\"1\" \/><\/form><div class=\"eStore_item_added_msg eStore_item_added_msg-1\"><\/div><\/div><\/div><div class=\"footer-right\"><span class=\"eStore_fancy2_price\"><span class=\"eStore_price_label\">Pre\u00e7o: <\/span><span class=\"eStore_price_value\">24.90\u20ac<\/span><\/span><span class=\"eStore_oldprice\">Pre\u00e7o: <span class=\"eStore_price_value_old\">49.99\u20ac<\/span>&nbsp;<\/span><\/div><\/div><div class=\"eStore-clear-float\"><\/div>\n<div class=\"eStore-product-fancy2\"><div class=\"eStore-thumbnail\"><a href=\"https:\/\/www.culturalusa.net\/news\/loja-online\/\" title=\"Kaspersky Premium \"><img decoding=\"async\" class=\"eStore-product-fancy2-thumb-image\" src=\"https:\/\/www.culturalusa.net\/news\/wp-content\/uploads\/2024\/03\/Kaspersky-Premium.jpg\" alt=\"Kaspersky Premium \" \/><\/a><\/div><div class=\"eStore-product-description\"><div class=\"eStore-fancy2-product-name\"><a href=\"https:\/\/www.culturalusa.net\/news\/loja-online\/\">Kaspersky Premium <\/a><\/div>Kaspersky Premium (Total Security)<br>\r\n A melhor prote\u00e7\u00e3o para fam\u00edlias - PC, Mac e dispositivos m\u00f3veis.<br>Prote\u00e7\u00e3o dos membros da sua fam\u00edlia contra os perigos do phishing, rastreamento de atividades on-line e espionagem, mantendo seus dados pessoais seguros. .<br>\r\n<strong>As licen\u00e7as Kaspersky s\u00e3o enviadas por e-mail<\/strong>.<\/div><\/div><div class=\"eStore-product-fancy2-footer eStore-fancy-wrapper\"><div class=\"footer-left\"><div class=\"footer-left-content\"><form method=\"post\" action=\"\" class=\"eStore-button-form eStore-button-form-3\" style=\"display:inline\" onsubmit=\"return ReadForm1(this, 1);\"><input type=\"submit\" value=\"Add to Cart\" class=\"eStore_button eStore_add_to_cart_button\" \/> <input type=\"hidden\" name=\"add_qty\" value=\"1\" \/>  <div class=\"eStore_variation_top\"><\/div><input type=\"hidden\" name=\"thumbnail_url\" value=\"https:\/\/www.culturalusa.net\/news\/wp-content\/uploads\/2024\/03\/Kaspersky-Premium.jpg\" \/><input type=\"hidden\" name=\"estore_product_name\" value=\"Kaspersky Premium \" \/><input type=\"hidden\" name=\"price\" value=\"35.00\" \/><input type=\"hidden\" name=\"product_name_tmp1\" value=\"Kaspersky Premium \" \/><input type=\"hidden\" name=\"price_tmp1\" value=\"35.00\" \/><input type=\"hidden\" name=\"price_tmp1_old\" value=\"58,00\" \/><input type=\"hidden\" name=\"item_number\" value=\"3\" \/><input type=\"hidden\" name=\"shipping\" value=\"\" \/><input type=\"hidden\" name=\"tax\" value=\"\" \/><input type=\"hidden\" name=\"addcart_eStore\" value=\"1\" \/><input type=\"hidden\" name=\"cartLink\" value=\"https:\/\/www.culturalusa.net\/news\/loja-online\/\" \/><input type=\"hidden\" name=\"digital_flag\" value=\"1\" \/><\/form><div class=\"eStore_item_added_msg eStore_item_added_msg-3\"><\/div><\/div><\/div><div class=\"footer-right\"><span class=\"eStore_fancy2_price\"><span class=\"eStore_price_label\">Pre\u00e7o: <\/span><span class=\"eStore_price_value\">35.00\u20ac<\/span><\/span><span class=\"eStore_oldprice\">Pre\u00e7o: <span class=\"eStore_price_value_old\">58,00<\/span>&nbsp;<\/span><\/div><\/div><div class=\"eStore-clear-float\"><\/div>\n<div class=\"eStore-product-fancy2\"><div class=\"eStore-thumbnail\"><a href=\"https:\/\/www.culturalusa.net\/news\/loja-online\/\" title=\"Microsoft Office Fam\u00edlia e Estudante\"><img decoding=\"async\" class=\"eStore-product-fancy2-thumb-image\" src=\"https:\/\/www.culturalusa.net\/news\/wp-content\/uploads\/2024\/03\/microsoft-office-2023-famille-et-etudiant.jpg\" alt=\"Microsoft Office Fam\u00edlia e Estudante\" \/><\/a><\/div><div class=\"eStore-product-description\"><div class=\"eStore-fancy2-product-name\"><a href=\"https:\/\/www.culturalusa.net\/news\/loja-online\/\">Microsoft Office Fam\u00edlia e Estudante<\/a><\/div>Word \u2013 Excel \u2013 PowerPoint \u2013 OneNote - <strong>Licen\u00e7a vital\u00edcia<\/strong><br>\r\nO Microsoft Office para fam\u00edlia e estudantes re\u00fane todos os elementos essenciais que lhe permitir\u00e3o fazer tudo, gra\u00e7as \u00e0s aplica\u00e7\u00f5es cl\u00e1ssicas.<br>Vers\u00e3o multil\u00edngue e francesa (sem assinatura).<br><strong>As licen\u00e7as de Microsoft Office s\u00e3o enviadas por e-mail<\/strong>.<\/div><\/div><div class=\"eStore-product-fancy2-footer eStore-fancy-wrapper\"><div class=\"footer-left\"><div class=\"footer-left-content\"><form method=\"post\" action=\"\" class=\"eStore-button-form eStore-button-form-4\" style=\"display:inline\" onsubmit=\"return ReadForm1(this, 1);\"><input type=\"submit\" value=\"Add to Cart\" class=\"eStore_button eStore_add_to_cart_button\" \/> <input type=\"hidden\" name=\"add_qty\" value=\"1\" \/>  <div class=\"eStore_variation_top\"><\/div><input type=\"hidden\" name=\"thumbnail_url\" value=\"https:\/\/www.culturalusa.net\/news\/wp-content\/uploads\/2024\/03\/microsoft-office-2023-famille-et-etudiant.jpg\" \/><input type=\"hidden\" name=\"estore_product_name\" value=\"Microsoft Office Fam\u00edlia e Estudante\" \/><input type=\"hidden\" name=\"price\" value=\"129.90\" \/><input type=\"hidden\" name=\"product_name_tmp1\" value=\"Microsoft Office Fam\u00edlia e Estudante\" \/><input type=\"hidden\" name=\"price_tmp1\" value=\"129.90\" \/><input type=\"hidden\" name=\"price_tmp1_old\" value=\"149.90\" \/><input type=\"hidden\" name=\"item_number\" value=\"4\" \/><input type=\"hidden\" name=\"shipping\" value=\"\" \/><input type=\"hidden\" name=\"tax\" value=\"\" \/><input type=\"hidden\" name=\"addcart_eStore\" value=\"1\" \/><input type=\"hidden\" name=\"cartLink\" value=\"https:\/\/www.culturalusa.net\/news\/loja-online\/\" \/><input type=\"hidden\" name=\"digital_flag\" value=\"1\" \/><\/form><div class=\"eStore_item_added_msg eStore_item_added_msg-4\"><\/div><\/div><\/div><div class=\"footer-right\"><span class=\"eStore_fancy2_price\"><span class=\"eStore_price_label\">Pre\u00e7o: <\/span><span class=\"eStore_price_value\">129.90\u20ac<\/span><\/span><span class=\"eStore_oldprice\">Pre\u00e7o: <span class=\"eStore_price_value_old\">149.90\u20ac<\/span>&nbsp;<\/span><\/div><\/div><div class=\"eStore-clear-float\"><\/div>\n<div class=\"eStore-product-fancy2\"><div class=\"eStore-thumbnail\"><a href=\"https:\/\/www.culturalusa.net\/news\/loja-online\/\" title=\"Microsoft  Office Fam\u00edlia e Pequenas Empresas\"><img decoding=\"async\" class=\"eStore-product-fancy2-thumb-image\" src=\"https:\/\/www.culturalusa.net\/news\/wp-content\/uploads\/2024\/03\/microsoft-office-2023-famille-et-petite-entreprise.jpg\" alt=\"Microsoft  Office Fam\u00edlia e Pequenas Empresas\" \/><\/a><\/div><div class=\"eStore-product-description\"><div class=\"eStore-fancy2-product-name\"><a href=\"https:\/\/www.culturalusa.net\/news\/loja-online\/\">Microsoft  Office Fam\u00edlia e Pequenas Empresas<\/a><\/div>Word \u2013 Excel \u2013 PowerPoint \u2013 OneNote \u2013 Outlook - <strong>Licen\u00e7a vital\u00edcia<\/strong><br>Office Home and Small Business da Microsoft re\u00fane todos os elementos essenciais que lhe permitir\u00e3o fazer tudo, gra\u00e7as \u00e0s aplica\u00e7\u00f5es cl\u00e1ssicas.<br>Vers\u00e3o multil\u00edngue e francesa (sem assinatura).<br><strong>As licen\u00e7as do Microsoft Office s\u00e3o enviadas por e-mail<\/strong>.<\/div><\/div><div class=\"eStore-product-fancy2-footer eStore-fancy-wrapper\"><div class=\"footer-left\"><div class=\"footer-left-content\"><form method=\"post\" action=\"\" class=\"eStore-button-form eStore-button-form-5\" style=\"display:inline\" onsubmit=\"return ReadForm1(this, 1);\"><input type=\"submit\" value=\"Add to Cart\" class=\"eStore_button eStore_add_to_cart_button\" \/> <input type=\"hidden\" name=\"add_qty\" value=\"1\" \/>  <div class=\"eStore_variation_top\"><\/div><input type=\"hidden\" name=\"thumbnail_url\" value=\"https:\/\/www.culturalusa.net\/news\/wp-content\/uploads\/2024\/03\/microsoft-office-2023-famille-et-petite-entreprise.jpg\" \/><input type=\"hidden\" name=\"estore_product_name\" value=\"Microsoft  Office Fam\u00edlia e Pequenas Empresas\" \/><input type=\"hidden\" name=\"price\" value=\"199.90\" \/><input type=\"hidden\" name=\"product_name_tmp1\" value=\"Microsoft  Office Fam\u00edlia e Pequenas Empresas\" \/><input type=\"hidden\" name=\"price_tmp1\" value=\"199.90\" \/><input type=\"hidden\" name=\"price_tmp1_old\" value=\"299.90\" \/><input type=\"hidden\" name=\"item_number\" value=\"5\" \/><input type=\"hidden\" name=\"shipping\" value=\"\" \/><input type=\"hidden\" name=\"tax\" value=\"\" \/><input type=\"hidden\" name=\"addcart_eStore\" value=\"1\" \/><input type=\"hidden\" name=\"cartLink\" value=\"https:\/\/www.culturalusa.net\/news\/loja-online\/\" \/><input type=\"hidden\" name=\"digital_flag\" value=\"1\" \/><\/form><div class=\"eStore_item_added_msg eStore_item_added_msg-5\"><\/div><\/div><\/div><div class=\"footer-right\"><span class=\"eStore_fancy2_price\"><span class=\"eStore_price_label\">Pre\u00e7o: <\/span><span class=\"eStore_price_value\">199.90\u20ac<\/span><\/span><span class=\"eStore_oldprice\">Pre\u00e7o: <span class=\"eStore_price_value_old\">299.90\u20ac<\/span>&nbsp;<\/span><\/div><\/div><div class=\"eStore-clear-float\"><\/div>\n<div class=\"eStore-product-fancy2\"><div class=\"eStore-thumbnail\"><a href=\"https:\/\/www.culturalusa.net\/news\/loja-online\/\" title=\"Microsoft Office Professionnel  - Licen\u00e7a vital\u00edcia\"><img decoding=\"async\" class=\"eStore-product-fancy2-thumb-image\" src=\"https:\/\/www.culturalusa.net\/news\/wp-content\/uploads\/2024\/03\/microsoft-office-2023-professionnel.jpg\" alt=\"Microsoft Office Professionnel  - Licen\u00e7a vital\u00edcia\" \/><\/a><\/div><div class=\"eStore-product-description\"><div class=\"eStore-fancy2-product-name\"><a href=\"https:\/\/www.culturalusa.net\/news\/loja-online\/\">Microsoft Office Professionnel  - Licen\u00e7a vital\u00edcia<\/a><\/div><p>Microsoft Office Professionnel - <strong>Licen\u00e7a vital\u00edcia<\/strong> - Nenhuma assinatura, para pequenas empresas, e PMEs em crescimento.  <br> Word \u2013 Excel \u2013 PowerPoint \u2013 OneNote \u2013 Outlook - OneDrive - Publisher - Access.  <br> <strong>Licen\u00e7a vital\u00edcia<\/strong>. <strong>As licen\u00e7as de Microsoft Office s\u00e3o enviadas por e-mail<\/strong>.<p\/><\/div><\/div><div class=\"eStore-product-fancy2-footer eStore-fancy-wrapper\"><div class=\"footer-left\"><div class=\"footer-left-content\"><form method=\"post\" action=\"\" class=\"eStore-button-form eStore-button-form-6\" style=\"display:inline\" onsubmit=\"return ReadForm1(this, 1);\"><input type=\"submit\" value=\"Add to Cart\" class=\"eStore_button eStore_add_to_cart_button\" \/> <input type=\"hidden\" name=\"add_qty\" value=\"1\" \/>  <div class=\"eStore_variation_top\"><\/div><input type=\"hidden\" name=\"thumbnail_url\" value=\"https:\/\/www.culturalusa.net\/news\/wp-content\/uploads\/2024\/03\/microsoft-office-2023-professionnel.jpg\" \/><input type=\"hidden\" name=\"estore_product_name\" value=\"Microsoft Office Professionnel  - Licen\u00e7a vital\u00edcia\" \/><input type=\"hidden\" name=\"price\" value=\"254.90\" \/><input type=\"hidden\" name=\"product_name_tmp1\" value=\"Microsoft Office Professionnel  - Licen\u00e7a vital\u00edcia\" \/><input type=\"hidden\" name=\"price_tmp1\" value=\"254.90\" \/><input type=\"hidden\" name=\"price_tmp1_old\" value=\"579.00\" \/><input type=\"hidden\" name=\"item_number\" value=\"6\" \/><input type=\"hidden\" name=\"shipping\" value=\"\" \/><input type=\"hidden\" name=\"tax\" value=\"\" \/><input type=\"hidden\" name=\"addcart_eStore\" value=\"1\" \/><input type=\"hidden\" name=\"cartLink\" value=\"https:\/\/www.culturalusa.net\/news\/loja-online\/\" \/><input type=\"hidden\" name=\"digital_flag\" value=\"1\" \/><\/form><div class=\"eStore_item_added_msg eStore_item_added_msg-6\"><\/div><\/div><\/div><div class=\"footer-right\"><span class=\"eStore_fancy2_price\"><span class=\"eStore_price_label\">Pre\u00e7o: <\/span><span class=\"eStore_price_value\">254.90\u20ac<\/span><\/span><span class=\"eStore_oldprice\">Pre\u00e7o: <span class=\"eStore_price_value_old\">579.00\u20ac<\/span>&nbsp;<\/span><\/div><\/div><div class=\"eStore-clear-float\"><\/div>\n<div class=\"eStore-product-fancy2\"><div class=\"eStore-thumbnail\"><a href=\"https:\/\/www.culturalusa.net\/news\/loja-online\/\" title=\"Kaspersky VPN Secure. 5 dispositivos - 1 ano\"><img decoding=\"async\" class=\"eStore-product-fancy2-thumb-image\" src=\"https:\/\/www.culturalusa.net\/news\/wp-content\/uploads\/2024\/03\/VPN-Secure-.jpg\" alt=\"Kaspersky VPN Secure. 5 dispositivos - 1 ano\" \/><\/a><\/div><div class=\"eStore-product-description\"><div class=\"eStore-fancy2-product-name\"><a href=\"https:\/\/www.culturalusa.net\/news\/loja-online\/\">Kaspersky VPN Secure. 5 dispositivos - 1 ano<\/a><\/div> VPN. N\u00famero de dispositivos: 5 dispositivos 1 ano.  O Kaspersky VPN ajuda a proteger suas informa\u00e7\u00f5es on-line ou quando voc\u00ea est\u00e1 fora de casa e deseja se conectar ao Wi-Fi p\u00fablico de um restaurante, hotel, biblioteca, etc.<br><strong>As licen\u00e7as Kaspersky s\u00e3o enviadas por e-mail<\/strong>.<\/div><\/div><div class=\"eStore-product-fancy2-footer eStore-fancy-wrapper\"><div class=\"footer-left\"><div class=\"footer-left-content\"><form method=\"post\" action=\"\" class=\"eStore-button-form eStore-button-form-7\" style=\"display:inline\" onsubmit=\"return ReadForm1(this, 1);\"><input type=\"submit\" value=\"Add to Cart\" class=\"eStore_button eStore_add_to_cart_button\" \/> <input type=\"hidden\" name=\"add_qty\" value=\"1\" \/>  <div class=\"eStore_variation_top\"><\/div><input type=\"hidden\" name=\"thumbnail_url\" value=\"https:\/\/www.culturalusa.net\/news\/wp-content\/uploads\/2024\/03\/VPN-Secure-.jpg\" \/><input type=\"hidden\" name=\"estore_product_name\" value=\"Kaspersky VPN Secure. 5 dispositivos - 1 ano\" \/><input type=\"hidden\" name=\"price\" value=\"25.00\" \/><input type=\"hidden\" name=\"product_name_tmp1\" value=\"Kaspersky VPN Secure. 5 dispositivos - 1 ano\" \/><input type=\"hidden\" name=\"price_tmp1\" value=\"25.00\" \/><input type=\"hidden\" name=\"price_tmp1_old\" value=\"49.90\" \/><input type=\"hidden\" name=\"item_number\" value=\"7\" \/><input type=\"hidden\" name=\"shipping\" value=\"\" \/><input type=\"hidden\" name=\"tax\" value=\"\" \/><input type=\"hidden\" name=\"addcart_eStore\" value=\"1\" \/><input type=\"hidden\" name=\"cartLink\" value=\"https:\/\/www.culturalusa.net\/news\/loja-online\/\" \/><input type=\"hidden\" name=\"digital_flag\" value=\"1\" \/><\/form><div class=\"eStore_item_added_msg eStore_item_added_msg-7\"><\/div><\/div><\/div><div class=\"footer-right\"><span class=\"eStore_fancy2_price\"><span class=\"eStore_price_label\">Pre\u00e7o: <\/span><span class=\"eStore_price_value\">25.00\u20ac<\/span><\/span><span class=\"eStore_oldprice\">Pre\u00e7o: <span class=\"eStore_price_value_old\">49.90\u20ac<\/span>&nbsp;<\/span><\/div><\/div><div class=\"eStore-clear-float\"><\/div>\n<div class=\"eStore-product-fancy2\"><div class=\"eStore-thumbnail\"><a href=\"https:\/\/www.culturalusa.net\/news\/loja-online\/\" title=\"Kaspersky SMALL OFFICE SECURITY (5 Dispositivos)\"><img decoding=\"async\" class=\"eStore-product-fancy2-thumb-image\" src=\"https:\/\/www.culturalusa.net\/news\/wp-content\/uploads\/2024\/03\/kaspersky-small-office-security.jpg\" alt=\"Kaspersky SMALL OFFICE SECURITY (5 Dispositivos)\" \/><\/a><\/div><div class=\"eStore-product-description\"><div class=\"eStore-fancy2-product-name\"><a href=\"https:\/\/www.culturalusa.net\/news\/loja-online\/\">Kaspersky SMALL OFFICE SECURITY (5 Dispositivos)<\/a><\/div>SEGURAN\u00c7A PARA PEQUENOS ESCRIT\u00d3RIOS Kaspersky (5 PC + 5 Mobiles + 1 Server 1 ano)<br>\r\nProte\u00e7\u00e3o para Pequenas Empresas<br>O Kaspersky Small Office Security foi projetado para empresas com 5 a 50 esta\u00e7\u00f5es de trabalho e tamb\u00e9m protege servidores e dispositivos m\u00f3veis.  <br>Pronta para usar, esta solu\u00e7\u00e3o \u00e9 gerenciada a partir de um console em nuvem f\u00e1cil de usar.<br><strong>As licen\u00e7as Kaspersky s\u00e3o enviadas por e-mail<\/strong>.<\/div><\/div><div class=\"eStore-product-fancy2-footer eStore-fancy-wrapper\"><div class=\"footer-left\"><div class=\"footer-left-content\"><form method=\"post\" action=\"\" class=\"eStore-button-form eStore-button-form-8\" style=\"display:inline\" onsubmit=\"return ReadForm1(this, 1);\"><input type=\"submit\" value=\"Add to Cart\" class=\"eStore_button eStore_add_to_cart_button\" \/> <input type=\"hidden\" name=\"add_qty\" value=\"1\" \/>  <div class=\"eStore_variation_top\"><\/div><input type=\"hidden\" name=\"thumbnail_url\" value=\"https:\/\/www.culturalusa.net\/news\/wp-content\/uploads\/2024\/03\/kaspersky-small-office-security.jpg\" \/><input type=\"hidden\" name=\"estore_product_name\" value=\"Kaspersky SMALL OFFICE SECURITY (5 Dispositivos)\" \/><input type=\"hidden\" name=\"price\" value=\"149.00\" \/><input type=\"hidden\" name=\"product_name_tmp1\" value=\"Kaspersky SMALL OFFICE SECURITY (5 Dispositivos)\" \/><input type=\"hidden\" name=\"price_tmp1\" value=\"149.00\" \/><input type=\"hidden\" name=\"item_number\" value=\"8\" \/><input type=\"hidden\" name=\"shipping\" value=\"\" \/><input type=\"hidden\" name=\"tax\" value=\"\" \/><input type=\"hidden\" name=\"addcart_eStore\" value=\"1\" \/><input type=\"hidden\" name=\"cartLink\" value=\"https:\/\/www.culturalusa.net\/news\/loja-online\/\" \/><input type=\"hidden\" name=\"digital_flag\" value=\"1\" \/><\/form><div class=\"eStore_item_added_msg eStore_item_added_msg-8\"><\/div><\/div><\/div><div class=\"footer-right\"><span class=\"eStore_fancy2_price\"><span class=\"eStore_price_label\">Pre\u00e7o: <\/span><span class=\"eStore_price_value\">149.00\u20ac<\/span><\/span><\/div><\/div><div class=\"eStore-clear-float\"><\/div>\n","protected":false},"excerpt":{"rendered":"<p>Produtos Loja Online<\/p>\n","protected":false},"author":1,"featured_media":1746,"parent":0,"menu_order":0,"comment_status":"closed","ping_status":"closed","template":"","meta":{"footnotes":""},"class_list":["post-329","page","type-page","status-publish","has-post-thumbnail","hentry"],"aioseo_notices":[],"_links":{"self":[{"href":"https:\/\/www.culturalusa.net\/news\/wp-json\/wp\/v2\/pages\/329","targetHints":{"allow":["GET"]}}],"collection":[{"href":"https:\/\/www.culturalusa.net\/news\/wp-json\/wp\/v2\/pages"}],"about":[{"href":"https:\/\/www.culturalusa.net\/news\/wp-json\/wp\/v2\/types\/page"}],"author":[{"embeddable":true,"href":"https:\/\/www.culturalusa.net\/news\/wp-json\/wp\/v2\/users\/1"}],"replies":[{"embeddable":true,"href":"https:\/\/www.culturalusa.net\/news\/wp-json\/wp\/v2\/comments?post=329"}],"version-history":[{"count":50,"href":"https:\/\/www.culturalusa.net\/news\/wp-json\/wp\/v2\/pages\/329\/revisions"}],"predecessor-version":[{"id":1779,"href":"https:\/\/www.culturalusa.net\/news\/wp-json\/wp\/v2\/pages\/329\/revisions\/1779"}],"wp:featuredmedia":[{"embeddable":true,"href":"https:\/\/www.culturalusa.net\/news\/wp-json\/wp\/v2\/media\/1746"}],"wp:attachment":[{"href":"https:\/\/www.culturalusa.net\/news\/wp-json\/wp\/v2\/media?parent=329"}],"curies":[{"name":"wp","href":"https:\/\/api.w.org\/{rel}","templated":true}]}}